{"id":736,"date":"2022-01-31T15:26:46","date_gmt":"2022-01-31T14:26:46","guid":{"rendered":"https:\/\/www.huissier-luxembourg.be\/?page_id=736"},"modified":"2022-03-04T10:59:38","modified_gmt":"2022-03-04T09:59:38","slug":"information-juridique","status":"publish","type":"page","link":"https:\/\/www.huissier-luxembourg.be\/index.php\/information-juridique\/","title":{"rendered":"Information juridique"},"content":{"rendered":"\t\t<div data-elementor-type=\"wp-page\" data-elementor-id=\"736\" class=\"elementor elementor-736\" data-elementor-post-type=\"page\">\n\t\t\t\t\t\t<section class=\"elementor-section elementor-top-section elementor-element elementor-element-2fa7fb4b elementor-section-height-min-height elementor-section-boxed elementor-section-height-default elementor-section-items-middle\" data-id=\"2fa7fb4b\" data-element_type=\"section\" data-settings=\"{&quot;background_background&quot;:&quot;classic&quot;}\">\n\t\t\t\t\t\t<div class=\"elementor-container elementor-column-gap-default\">\n\t\t\t\t\t<div class=\"elementor-column elementor-col-50 elementor-top-column elementor-element elementor-element-2a27621f\" data-id=\"2a27621f\" data-element_type=\"column\">\n\t\t\t<div class=\"elementor-widget-wrap elementor-element-populated\">\n\t\t\t\t\t\t<div class=\"elementor-element elementor-element-fd41545 elementor-widget elementor-widget-heading\" data-id=\"fd41545\" data-element_type=\"widget\" data-widget_type=\"heading.default\">\n\t\t\t\t<div class=\"elementor-widget-container\">\n\t\t\t<h2 class=\"elementor-heading-title elementor-size-default\">informations juridiques<\/h2>\t\t<\/div>\n\t\t\t\t<\/div>\n\t\t\t\t<div class=\"elementor-element elementor-element-47451528 elementor-widget elementor-widget-text-editor\" data-id=\"47451528\" data-element_type=\"widget\" data-widget_type=\"text-editor.default\">\n\t\t\t\t<div class=\"elementor-widget-container\">\n\t\t\t\t\t\t\t<p>Dans le cadre de chacune de ses\u00a0missions en province du Luxembourg, votre huissier de justice\u00a0vous informe quant \u00e0\u00a0<strong>vos droits et \u00e0 vos obligations<\/strong>, conform\u00e9ment \u00e0 la l\u00e9gislation en vigueur.<\/p>\t\t\t\t\t\t<\/div>\n\t\t\t\t<\/div>\n\t\t\t\t<div class=\"elementor-element elementor-element-53bffe69 elementor-widget elementor-widget-button\" data-id=\"53bffe69\" data-element_type=\"widget\" data-widget_type=\"button.default\">\n\t\t\t\t<div class=\"elementor-widget-container\">\n\t\t\t\t\t<div class=\"elementor-button-wrapper\">\n\t\t\t<a class=\"elementor-button elementor-button-link elementor-size-sm\" href=\"\/index.php\/contactez-nous\">\n\t\t\t\t\t\t<span class=\"elementor-button-content-wrapper\">\n\t\t\t\t\t\t<span class=\"elementor-button-icon elementor-align-icon-right\">\n\t\t\t\t<i aria-hidden=\"true\" class=\"far fa-arrow-alt-circle-right\"><\/i>\t\t\t<\/span>\n\t\t\t\t\t\t\t\t\t<span class=\"elementor-button-text\">Contactez-nous pour plus d'informations<\/span>\n\t\t\t\t\t<\/span>\n\t\t\t\t\t<\/a>\n\t\t<\/div>\n\t\t\t\t<\/div>\n\t\t\t\t<\/div>\n\t\t\t\t<div class=\"elementor-element elementor-element-778d7c7e elementor-widget elementor-widget-button\" data-id=\"778d7c7e\" data-element_type=\"widget\" data-widget_type=\"button.default\">\n\t\t\t\t<div class=\"elementor-widget-container\">\n\t\t\t\t\t<div class=\"elementor-button-wrapper\">\n\t\t\t<a class=\"elementor-button elementor-button-link elementor-size-sm\" href=\"\/index.php\/factures-impayees-recouvrement-creances-demarches-arlon-luxembourg\">\n\t\t\t\t\t\t<span class=\"elementor-button-content-wrapper\">\n\t\t\t\t\t\t<span class=\"elementor-button-icon elementor-align-icon-right\">\n\t\t\t\t<i aria-hidden=\"true\" class=\"far fa-arrow-alt-circle-right\"><\/i>\t\t\t<\/span>\n\t\t\t\t\t\t\t\t\t<span class=\"elementor-button-text\">Factures impay\u00e9es ? Envoyez-les \u00e0 votre huissier<\/span>\n\t\t\t\t\t<\/span>\n\t\t\t\t\t<\/a>\n\t\t<\/div>\n\t\t\t\t<\/div>\n\t\t\t\t<\/div>\n\t\t\t\t\t<\/div>\n\t\t<\/div>\n\t\t\t\t<div class=\"elementor-column elementor-col-50 elementor-top-column elementor-element elementor-element-4397e6f\" data-id=\"4397e6f\" data-element_type=\"column\" data-settings=\"{&quot;background_background&quot;:&quot;classic&quot;}\">\n\t\t\t<div class=\"elementor-widget-wrap elementor-element-populated\">\n\t\t\t\t\t\t<div class=\"elementor-element elementor-element-938d7e9 elementor-widget elementor-widget-heading\" data-id=\"938d7e9\" data-element_type=\"widget\" data-widget_type=\"heading.default\">\n\t\t\t\t<div class=\"elementor-widget-container\">\n\t\t\t<h2 class=\"elementor-heading-title elementor-size-default\">Quels sont vos droits & obligations en mati\u00e8res juridiques ?<\/h2>\t\t<\/div>\n\t\t\t\t<\/div>\n\t\t\t\t<div class=\"elementor-element elementor-element-d464ab3 elementor-widget elementor-widget-text-editor\" data-id=\"d464ab3\" data-element_type=\"widget\" data-widget_type=\"text-editor.default\">\n\t\t\t\t<div class=\"elementor-widget-container\">\n\t\t\t\t\t\t\t<p>Dans le cadre d\u2019une proc\u00e9dure vous concernant, les Huissiers de justice LAPRAILLE &amp; ASSOCIES ont les <strong>comp\u00e9tences\u00a0<\/strong>pour vous indiquer\u00a0<strong>quels droits et obligations vous incombent<\/strong>. Et cela que vous soyez la\u00a0<strong>partie requ\u00e9rante ou d\u00e9bitrice<\/strong>.<\/p><p>En\u00a0<strong>professionnel du droit<\/strong>, l\u2019huissier de justice est\u00a0<strong>objectif et impartial<\/strong>. Il n\u2019agit pas forc\u00e9ment en votre faveur, contrairement \u00e0 un avocat qui vous d\u00e9fend.<\/p>\t\t\t\t\t\t<\/div>\n\t\t\t\t<\/div>\n\t\t\t\t\t<\/div>\n\t\t<\/div>\n\t\t\t\t\t<\/div>\n\t\t<\/section>\n\t\t\t\t<section class=\"elementor-section elementor-top-section elementor-element elementor-element-3e2a91e8 elementor-section-height-min-height elementor-section-boxed elementor-section-height-default elementor-section-items-middle\" data-id=\"3e2a91e8\" data-element_type=\"section\" data-settings=\"{&quot;background_background&quot;:&quot;classic&quot;,&quot;shape_divider_top&quot;:&quot;tilt&quot;,&quot;shape_divider_bottom&quot;:&quot;tilt&quot;}\">\n\t\t\t\t\t<div class=\"elementor-shape elementor-shape-top\" data-negative=\"false\">\n\t\t\t<svg xmlns=\"http:\/\/www.w3.org\/2000\/svg\" viewBox=\"0 0 1000 100\" preserveAspectRatio=\"none\">\n\t<path class=\"elementor-shape-fill\" d=\"M0,6V0h1000v100L0,6z\"\/>\n<\/svg>\t\t<\/div>\n\t\t\t\t<div class=\"elementor-shape elementor-shape-bottom\" data-negative=\"false\">\n\t\t\t<svg xmlns=\"http:\/\/www.w3.org\/2000\/svg\" viewBox=\"0 0 1000 100\" preserveAspectRatio=\"none\">\n\t<path class=\"elementor-shape-fill\" d=\"M0,6V0h1000v100L0,6z\"\/>\n<\/svg>\t\t<\/div>\n\t\t\t\t\t<div class=\"elementor-container elementor-column-gap-default\">\n\t\t\t\t\t<div class=\"elementor-column elementor-col-100 elementor-top-column elementor-element elementor-element-4914b52a\" data-id=\"4914b52a\" data-element_type=\"column\">\n\t\t\t<div class=\"elementor-widget-wrap elementor-element-populated\">\n\t\t\t\t\t\t<div class=\"elementor-element elementor-element-309328f4 elementor-widget elementor-widget-text-editor\" data-id=\"309328f4\" data-element_type=\"widget\" data-widget_type=\"text-editor.default\">\n\t\t\t\t<div class=\"elementor-widget-container\">\n\t\t\t\t\t\t\t<p>Informations juridiques par un huissier<\/p>\t\t\t\t\t\t<\/div>\n\t\t\t\t<\/div>\n\t\t\t\t\t<\/div>\n\t\t<\/div>\n\t\t\t\t\t<\/div>\n\t\t<\/section>\n\t\t\t\t<section class=\"elementor-section elementor-top-section elementor-element elementor-element-61acc987 elementor-section-height-min-height elementor-section-boxed elementor-section-height-default elementor-section-items-middle elementor-invisible\" data-id=\"61acc987\" data-element_type=\"section\" data-settings=\"{&quot;animation&quot;:&quot;fadeIn&quot;}\">\n\t\t\t\t\t\t\t<div class=\"elementor-background-overlay\"><\/div>\n\t\t\t\t\t\t\t<div class=\"elementor-container elementor-column-gap-default\">\n\t\t\t\t\t<div class=\"elementor-column elementor-col-100 elementor-top-column elementor-element elementor-element-51b4a9a7\" data-id=\"51b4a9a7\" data-element_type=\"column\">\n\t\t\t<div class=\"elementor-widget-wrap elementor-element-populated\">\n\t\t\t\t\t\t<div class=\"elementor-element elementor-element-6f43815 elementor-widget elementor-widget-text-editor\" data-id=\"6f43815\" data-element_type=\"widget\" data-widget_type=\"text-editor.default\">\n\t\t\t\t<div class=\"elementor-widget-container\">\n\t\t\t\t\t\t\t<p><strong>Quels types de renseignements<\/strong>\u00a0\u00eates-vous en droit d\u2019attendre d\u2019un huissier de justice\u00a0? Nous pouvons\u00a0<strong>vous informer\u00a0<\/strong>sur les questions suivantes\u00a0:<\/p><ul><li><strong>Les voies de recours en mati\u00e8res civiles et p\u00e9nales\u00a0<\/strong>: il vous est loisible de contrer une d\u00e9cision de justice rendue au civil ou au p\u00e9nal via deux solutions\u00a0: l\u2019opposition ou l\u2019appel. Nous vous en indiquons les d\u00e9lais et modalit\u00e9s\u00a0;<\/li><li><strong>Les d\u00e9lais de la proc\u00e9dure\u00a0<\/strong>: votre huissier vous indique quels sont les diff\u00e9rents d\u00e9lais applicables dans les proc\u00e9dures civiles et p\u00e9nales ;<\/li><li><strong>La grille des tarifs\u00a0<\/strong><strong>de l\u2019huissier<\/strong>\u00a0: en Belgique, des r\u00e8gles tarifaires sont impos\u00e9es par la Loi aux huissiers de justice\u00a0;<\/li><li><strong>La solvabilit\u00e9 de la partie adverse\u00a0<\/strong>: l\u2019huissier dispose d\u2019acc\u00e8s s\u00e9curis\u00e9s quant aux donn\u00e9es personnelles de, par exemple, votre d\u00e9biteur\u00a0;<\/li><li><strong>Faisabilit\u00e9 des constats\u00a0<\/strong>: l\u2019huissier vous conseille sur la faisabilit\u00e9 du constat en tant qu\u2019\u00e9ventuelle preuve en cas de litige et sur le co\u00fbt pr\u00e9visible du constat sollicit\u00e9.<\/li><\/ul>\t\t\t\t\t\t<\/div>\n\t\t\t\t<\/div>\n\t\t\t\t<div class=\"elementor-element elementor-element-5b632c5 elementor-widget elementor-widget-heading\" data-id=\"5b632c5\" data-element_type=\"widget\" data-widget_type=\"heading.default\">\n\t\t\t\t<div class=\"elementor-widget-container\">\n\t\t\t<h2 class=\"elementor-heading-title elementor-size-default\">un professionnel du droit \u00e0 votre service<\/h2>\t\t<\/div>\n\t\t\t\t<\/div>\n\t\t\t\t<div class=\"elementor-element elementor-element-271262b7 elementor-widget elementor-widget-text-editor\" data-id=\"271262b7\" data-element_type=\"widget\" data-widget_type=\"text-editor.default\">\n\t\t\t\t<div class=\"elementor-widget-container\">\n\t\t\t\t\t\t\t<p>Les\u00a0<strong>mati\u00e8res juridiques<\/strong>\u00a0sont soumises \u00e0 la l\u00e9gislation, en\u00a0<strong>constante \u00e9volution<\/strong>, en\u00a0<strong>Belgique\u00a0<\/strong>comme ailleurs. L\u2019huissier de justice en\u00a0<strong>reste inform\u00e9\u00a0<\/strong>gr\u00e2ce \u00e0 une\u00a0<strong>formation continue<\/strong>. Vous pouvez \u00eatre assur\u00e9 que les informations fournies par votre professionnel du droit sont \u00e0 jour, et conformes \u00e0 la l\u00e9gislation en vigueur.<\/p><p>Par ailleurs, l\u2019huissier de justice agit avec un\u00a0<strong>souci de transparence\u00a0<\/strong>lors de chaque \u00e9tape de la proc\u00e9dure. Il pr\u00e9sente un<strong>\u00a0d\u00e9compte<\/strong>\u00a0tant \u00e0 la partie requ\u00e9rante qu\u2019\u00e0 la partie d\u00e9bitrice. Il vous est loisible d\u2019<strong>arr\u00eater la proc\u00e9dure en cours\u00a0<\/strong>si vous en estimez les frais trop \u00e9lev\u00e9s par rapport \u00e0 l\u2019enjeu initial.<\/p>\t\t\t\t\t\t<\/div>\n\t\t\t\t<\/div>\n\t\t\t\t\t<\/div>\n\t\t<\/div>\n\t\t\t\t\t<\/div>\n\t\t<\/section>\n\t\t\t\t<section class=\"elementor-section elementor-top-section elementor-element elementor-element-c848d47 elementor-section-height-min-height elementor-section-boxed elementor-section-height-default elementor-section-items-middle elementor-invisible\" data-id=\"c848d47\" data-element_type=\"section\" data-settings=\"{&quot;background_background&quot;:&quot;classic&quot;,&quot;shape_divider_top&quot;:&quot;tilt&quot;,&quot;shape_divider_bottom&quot;:&quot;tilt&quot;,&quot;animation&quot;:&quot;fadeIn&quot;}\">\n\t\t\t\t\t<div class=\"elementor-shape elementor-shape-top\" data-negative=\"false\">\n\t\t\t<svg xmlns=\"http:\/\/www.w3.org\/2000\/svg\" viewBox=\"0 0 1000 100\" preserveAspectRatio=\"none\">\n\t<path class=\"elementor-shape-fill\" d=\"M0,6V0h1000v100L0,6z\"\/>\n<\/svg>\t\t<\/div>\n\t\t\t\t<div class=\"elementor-shape elementor-shape-bottom\" data-negative=\"false\">\n\t\t\t<svg xmlns=\"http:\/\/www.w3.org\/2000\/svg\" viewBox=\"0 0 1000 100\" preserveAspectRatio=\"none\">\n\t<path class=\"elementor-shape-fill\" d=\"M0,6V0h1000v100L0,6z\"\/>\n<\/svg>\t\t<\/div>\n\t\t\t\t\t<div class=\"elementor-container elementor-column-gap-default\">\n\t\t\t\t\t<div class=\"elementor-column elementor-col-100 elementor-top-column elementor-element elementor-element-40a74b43\" data-id=\"40a74b43\" data-element_type=\"column\">\n\t\t\t<div class=\"elementor-widget-wrap elementor-element-populated\">\n\t\t\t\t\t\t<div class=\"elementor-element elementor-element-6e5eb21f elementor-widget elementor-widget-text-editor\" data-id=\"6e5eb21f\" data-element_type=\"widget\" data-widget_type=\"text-editor.default\">\n\t\t\t\t<div class=\"elementor-widget-container\">\n\t\t\t\t\t\t\t<p>Une question relative \u00e0 une proc\u00e9dure judiciaire en province du Luxembourg ?<\/p>\t\t\t\t\t\t<\/div>\n\t\t\t\t<\/div>\n\t\t\t\t<div class=\"elementor-element elementor-element-1d6bd033 elementor-align-center elementor-widget elementor-widget-button\" data-id=\"1d6bd033\" data-element_type=\"widget\" data-widget_type=\"button.default\">\n\t\t\t\t<div class=\"elementor-widget-container\">\n\t\t\t\t\t<div class=\"elementor-button-wrapper\">\n\t\t\t<a class=\"elementor-button elementor-button-link elementor-size-sm\" href=\"tel:003263235653\">\n\t\t\t\t\t\t<span class=\"elementor-button-content-wrapper\">\n\t\t\t\t\t\t\t\t\t<span class=\"elementor-button-text\">+32 (0)63 23 56 53<\/span>\n\t\t\t\t\t<\/span>\n\t\t\t\t\t<\/a>\n\t\t<\/div>\n\t\t\t\t<\/div>\n\t\t\t\t<\/div>\n\t\t\t\t\t<\/div>\n\t\t<\/div>\n\t\t\t\t\t<\/div>\n\t\t<\/section>\n\t\t\t\t<\/div>\n\t\t","protected":false},"excerpt":{"rendered":"<p>informations juridiques Dans le cadre de chacune de ses\u00a0missions en province du Luxembourg, votre huissier de justice\u00a0vous informe quant \u00e0\u00a0vos droits et \u00e0 vos obligations, conform\u00e9ment \u00e0 la l\u00e9gislation en vigueur. Contactez-nous pour plus d&rsquo;informations Factures impay\u00e9es ? Envoyez-les \u00e0 votre huissier Quels sont vos droits &#038; obligations en mati\u00e8res juridiques ? Dans le cadre [&hellip;]<\/p>\n","protected":false},"author":1,"featured_media":0,"parent":0,"menu_order":0,"comment_status":"closed","ping_status":"closed","template":"elementor_header_footer","meta":{"footnotes":""},"class_list":["post-736","page","type-page","status-publish","hentry"],"yoast_head":"<!-- This site is optimized with the Yoast SEO plugin v22.6 - https:\/\/yoast.com\/wordpress\/plugins\/seo\/ -->\n<title>Information juridique - L&#039;\u00e9tude des Huissiers de Justice Lapraille et Associ\u00e9s<\/title>\n<meta name=\"description\" content=\"L&#039;\u00c9tude LAPRAILLE &amp; ASSSOCIES vous propose ses services en : Informations juridiques\" \/>\n<meta name=\"robots\" content=\"index, follow, max-snippet:-1, max-image-preview:large, max-video-preview:-1\" \/>\n<link rel=\"canonical\" href=\"https:\/\/www.huissier-luxembourg.be\/index.php\/information-juridique\/\" \/>\n<meta property=\"og:locale\" content=\"fr_FR\" \/>\n<meta property=\"og:type\" content=\"article\" \/>\n<meta property=\"og:title\" content=\"Information juridique - L&#039;\u00e9tude des Huissiers de Justice Lapraille et Associ\u00e9s\" \/>\n<meta property=\"og:description\" content=\"L&#039;\u00c9tude LAPRAILLE &amp; ASSSOCIES vous propose ses services en : Informations juridiques\" \/>\n<meta property=\"og:url\" content=\"https:\/\/www.huissier-luxembourg.be\/index.php\/information-juridique\/\" \/>\n<meta property=\"og:site_name\" content=\"L&#039;\u00e9tude des Huissiers de Justice Lapraille et Associ\u00e9s\" \/>\n<meta property=\"article:publisher\" content=\"https:\/\/www.facebook.com\/huissiersluxembourg\/\" \/>\n<meta property=\"article:modified_time\" content=\"2022-03-04T09:59:38+00:00\" \/>\n<meta property=\"og:image\" content=\"https:\/\/www.huissier-luxembourg.be\/wp-content\/uploads\/2022\/03\/LOGOLAPRAILLE_F_BLANC.jpg\" \/>\n\t<meta property=\"og:image:width\" content=\"2363\" \/>\n\t<meta property=\"og:image:height\" content=\"2363\" \/>\n\t<meta property=\"og:image:type\" content=\"image\/jpeg\" \/>\n<meta name=\"twitter:card\" content=\"summary_large_image\" \/>\n<meta name=\"twitter:label1\" content=\"Dur\u00e9e de lecture estim\u00e9e\" \/>\n\t<meta name=\"twitter:data1\" content=\"2 minutes\" \/>\n<script type=\"application\/ld+json\" class=\"yoast-schema-graph\">{\"@context\":\"https:\/\/schema.org\",\"@graph\":[{\"@type\":\"WebPage\",\"@id\":\"https:\/\/www.huissier-luxembourg.be\/index.php\/information-juridique\/\",\"url\":\"https:\/\/www.huissier-luxembourg.be\/index.php\/information-juridique\/\",\"name\":\"Information juridique - L&#039;\u00e9tude des Huissiers de Justice Lapraille et Associ\u00e9s\",\"isPartOf\":{\"@id\":\"https:\/\/www.huissier-luxembourg.be\/#website\"},\"datePublished\":\"2022-01-31T14:26:46+00:00\",\"dateModified\":\"2022-03-04T09:59:38+00:00\",\"description\":\"L'\u00c9tude LAPRAILLE & ASSSOCIES vous propose ses services en : Informations juridiques\",\"breadcrumb\":{\"@id\":\"https:\/\/www.huissier-luxembourg.be\/index.php\/information-juridique\/#breadcrumb\"},\"inLanguage\":\"fr-FR\",\"potentialAction\":[{\"@type\":\"ReadAction\",\"target\":[\"https:\/\/www.huissier-luxembourg.be\/index.php\/information-juridique\/\"]}]},{\"@type\":\"BreadcrumbList\",\"@id\":\"https:\/\/www.huissier-luxembourg.be\/index.php\/information-juridique\/#breadcrumb\",\"itemListElement\":[{\"@type\":\"ListItem\",\"position\":1,\"name\":\"Accueil\",\"item\":\"https:\/\/www.huissier-luxembourg.be\/\"},{\"@type\":\"ListItem\",\"position\":2,\"name\":\"Information juridique\"}]},{\"@type\":\"WebSite\",\"@id\":\"https:\/\/www.huissier-luxembourg.be\/#website\",\"url\":\"https:\/\/www.huissier-luxembourg.be\/\",\"name\":\"L&#039;\u00e9tude des Huissiers de Justice Lapraille et Associ\u00e9s\",\"description\":\"sur l&#039;ensemble du territoire de la province du Luxembourg\",\"publisher\":{\"@id\":\"https:\/\/www.huissier-luxembourg.be\/#organization\"},\"potentialAction\":[{\"@type\":\"SearchAction\",\"target\":{\"@type\":\"EntryPoint\",\"urlTemplate\":\"https:\/\/www.huissier-luxembourg.be\/?s={search_term_string}\"},\"query-input\":\"required name=search_term_string\"}],\"inLanguage\":\"fr-FR\"},{\"@type\":\"Organization\",\"@id\":\"https:\/\/www.huissier-luxembourg.be\/#organization\",\"name\":\"Etude des Huissiers de justice LAPRAILLE ET ASSOCIES\",\"url\":\"https:\/\/www.huissier-luxembourg.be\/\",\"logo\":{\"@type\":\"ImageObject\",\"inLanguage\":\"fr-FR\",\"@id\":\"https:\/\/www.huissier-luxembourg.be\/#\/schema\/logo\/image\/\",\"url\":\"https:\/\/www.huissier-luxembourg.be\/wp-content\/uploads\/2022\/01\/logo-lapraille.jpg\",\"contentUrl\":\"https:\/\/www.huissier-luxembourg.be\/wp-content\/uploads\/2022\/01\/logo-lapraille.jpg\",\"width\":130,\"height\":114,\"caption\":\"Etude des Huissiers de justice LAPRAILLE ET ASSOCIES\"},\"image\":{\"@id\":\"https:\/\/www.huissier-luxembourg.be\/#\/schema\/logo\/image\/\"},\"sameAs\":[\"https:\/\/www.facebook.com\/huissiersluxembourg\/\",\"https:\/\/www.linkedin.com\/in\/laetitia-lapraille\/?originalSubdomain=be\",\"https:\/\/www.youtube.com\/channel\/UCJnJC0NJQg3G3epwA9uN9Fg\"]}]}<\/script>\n<!-- \/ Yoast SEO plugin. -->","yoast_head_json":{"title":"Information juridique - L&#039;\u00e9tude des Huissiers de Justice Lapraille et Associ\u00e9s","description":"L'\u00c9tude LAPRAILLE & ASSSOCIES vous propose ses services en : Informations juridiques","robots":{"index":"index","follow":"follow","max-snippet":"max-snippet:-1","max-image-preview":"max-image-preview:large","max-video-preview":"max-video-preview:-1"},"canonical":"https:\/\/www.huissier-luxembourg.be\/index.php\/information-juridique\/","og_locale":"fr_FR","og_type":"article","og_title":"Information juridique - L&#039;\u00e9tude des Huissiers de Justice Lapraille et Associ\u00e9s","og_description":"L'\u00c9tude LAPRAILLE & ASSSOCIES vous propose ses services en : Informations juridiques","og_url":"https:\/\/www.huissier-luxembourg.be\/index.php\/information-juridique\/","og_site_name":"L&#039;\u00e9tude des Huissiers de Justice Lapraille et Associ\u00e9s","article_publisher":"https:\/\/www.facebook.com\/huissiersluxembourg\/","article_modified_time":"2022-03-04T09:59:38+00:00","og_image":[{"width":2363,"height":2363,"url":"https:\/\/www.huissier-luxembourg.be\/wp-content\/uploads\/2022\/03\/LOGOLAPRAILLE_F_BLANC.jpg","type":"image\/jpeg"}],"twitter_card":"summary_large_image","twitter_misc":{"Dur\u00e9e de lecture estim\u00e9e":"2 minutes"},"schema":{"@context":"https:\/\/schema.org","@graph":[{"@type":"WebPage","@id":"https:\/\/www.huissier-luxembourg.be\/index.php\/information-juridique\/","url":"https:\/\/www.huissier-luxembourg.be\/index.php\/information-juridique\/","name":"Information juridique - L&#039;\u00e9tude des Huissiers de Justice Lapraille et Associ\u00e9s","isPartOf":{"@id":"https:\/\/www.huissier-luxembourg.be\/#website"},"datePublished":"2022-01-31T14:26:46+00:00","dateModified":"2022-03-04T09:59:38+00:00","description":"L'\u00c9tude LAPRAILLE & ASSSOCIES vous propose ses services en : Informations juridiques","breadcrumb":{"@id":"https:\/\/www.huissier-luxembourg.be\/index.php\/information-juridique\/#breadcrumb"},"inLanguage":"fr-FR","potentialAction":[{"@type":"ReadAction","target":["https:\/\/www.huissier-luxembourg.be\/index.php\/information-juridique\/"]}]},{"@type":"BreadcrumbList","@id":"https:\/\/www.huissier-luxembourg.be\/index.php\/information-juridique\/#breadcrumb","itemListElement":[{"@type":"ListItem","position":1,"name":"Accueil","item":"https:\/\/www.huissier-luxembourg.be\/"},{"@type":"ListItem","position":2,"name":"Information juridique"}]},{"@type":"WebSite","@id":"https:\/\/www.huissier-luxembourg.be\/#website","url":"https:\/\/www.huissier-luxembourg.be\/","name":"L&#039;\u00e9tude des Huissiers de Justice Lapraille et Associ\u00e9s","description":"sur l&#039;ensemble du territoire de la province du Luxembourg","publisher":{"@id":"https:\/\/www.huissier-luxembourg.be\/#organization"},"potentialAction":[{"@type":"SearchAction","target":{"@type":"EntryPoint","urlTemplate":"https:\/\/www.huissier-luxembourg.be\/?s={search_term_string}"},"query-input":"required name=search_term_string"}],"inLanguage":"fr-FR"},{"@type":"Organization","@id":"https:\/\/www.huissier-luxembourg.be\/#organization","name":"Etude des Huissiers de justice LAPRAILLE ET ASSOCIES","url":"https:\/\/www.huissier-luxembourg.be\/","logo":{"@type":"ImageObject","inLanguage":"fr-FR","@id":"https:\/\/www.huissier-luxembourg.be\/#\/schema\/logo\/image\/","url":"https:\/\/www.huissier-luxembourg.be\/wp-content\/uploads\/2022\/01\/logo-lapraille.jpg","contentUrl":"https:\/\/www.huissier-luxembourg.be\/wp-content\/uploads\/2022\/01\/logo-lapraille.jpg","width":130,"height":114,"caption":"Etude des Huissiers de justice LAPRAILLE ET ASSOCIES"},"image":{"@id":"https:\/\/www.huissier-luxembourg.be\/#\/schema\/logo\/image\/"},"sameAs":["https:\/\/www.facebook.com\/huissiersluxembourg\/","https:\/\/www.linkedin.com\/in\/laetitia-lapraille\/?originalSubdomain=be","https:\/\/www.youtube.com\/channel\/UCJnJC0NJQg3G3epwA9uN9Fg"]}]}},"publishpress_future_action":{"enabled":false,"date":"2026-05-09 15:17:32","action":"change-status","newStatus":"draft","terms":[],"taxonomy":""},"_links":{"self":[{"href":"https:\/\/www.huissier-luxembourg.be\/index.php\/wp-json\/wp\/v2\/pages\/736","targetHints":{"allow":["GET"]}}],"collection":[{"href":"https:\/\/www.huissier-luxembourg.be\/index.php\/wp-json\/wp\/v2\/pages"}],"about":[{"href":"https:\/\/www.huissier-luxembourg.be\/index.php\/wp-json\/wp\/v2\/types\/page"}],"author":[{"embeddable":true,"href":"https:\/\/www.huissier-luxembourg.be\/index.php\/wp-json\/wp\/v2\/users\/1"}],"replies":[{"embeddable":true,"href":"https:\/\/www.huissier-luxembourg.be\/index.php\/wp-json\/wp\/v2\/comments?post=736"}],"version-history":[{"count":47,"href":"https:\/\/www.huissier-luxembourg.be\/index.php\/wp-json\/wp\/v2\/pages\/736\/revisions"}],"predecessor-version":[{"id":1247,"href":"https:\/\/www.huissier-luxembourg.be\/index.php\/wp-json\/wp\/v2\/pages\/736\/revisions\/1247"}],"wp:attachment":[{"href":"https:\/\/www.huissier-luxembourg.be\/index.php\/wp-json\/wp\/v2\/media?parent=736"}],"curies":[{"name":"wp","href":"https:\/\/api.w.org\/{rel}","templated":true}]}}